{"id":16857,"date":"2026-03-09T16:19:00","date_gmt":"2026-03-09T16:19:00","guid":{"rendered":"https:\/\/websitedev.terranoha.com\/booker-une-demo\/"},"modified":"2026-03-09T16:32:27","modified_gmt":"2026-03-09T16:32:27","slug":"booker-une-demo","status":"publish","type":"page","link":"https:\/\/websitedev.terranoha.com\/fr\/booker-une-demo\/","title":{"rendered":"Booker une D\u00e9mo"},"content":{"rendered":"\t\t<div data-elementor-type=\"wp-page\" data-elementor-id=\"16857\" class=\"elementor elementor-16857 elementor-15548\" data-elementor-post-type=\"page\">\n\t\t\t\t\t\t<section class=\"elementor-section elementor-top-section elementor-element elementor-element-02172d6 elementor-section-full_width elementor-section-stretched elementor-section-height-default elementor-section-height-default\" data-id=\"02172d6\" data-element_type=\"section\" data-e-type=\"section\" data-settings=\"{&quot;stretch_section&quot;:&quot;section-stretched&quot;}\">\n\t\t\t\t\t\t<div class=\"elementor-container elementor-column-gap-no\">\n\t\t\t\t\t<div class=\"elementor-column elementor-col-100 elementor-top-column elementor-element elementor-element-079590d\" data-id=\"079590d\" data-element_type=\"column\" data-e-type=\"column\">\n\t\t\t<div class=\"elementor-widget-wrap elementor-element-populated\">\n\t\t\t\t\t\t<section class=\"elementor-section elementor-inner-section elementor-element elementor-element-d2b3164 elementor-reverse-tablet elementor-reverse-mobile_extra elementor-reverse-mobile elementor-section-boxed elementor-section-height-default elementor-section-height-default\" data-id=\"d2b3164\" data-element_type=\"section\" data-e-type=\"section\" data-settings=\"{&quot;background_background&quot;:&quot;classic&quot;}\">\n\t\t\t\t\t\t<div class=\"elementor-container elementor-column-gap-wide\">\n\t\t\t\t\t<div class=\"elementor-column elementor-col-50 elementor-inner-column elementor-element elementor-element-b184832\" data-id=\"b184832\" data-element_type=\"column\" data-e-type=\"column\">\n\t\t\t<div class=\"elementor-widget-wrap elementor-element-populated\">\n\t\t\t\t\t\t<div class=\"elementor-element elementor-element-460c80b elementor-widget elementor-widget-image\" data-id=\"460c80b\" data-element_type=\"widget\" data-e-type=\"widget\" data-widget_type=\"image.default\">\n\t\t\t\t<div class=\"elementor-widget-container\">\n\t\t\t\t\t\t\t\t\t\t\t\t\t\t\t<img fetchpriority=\"high\" decoding=\"async\" width=\"792\" height=\"1271\" src=\"https:\/\/websitedev.terranoha.com\/wp-content\/uploads\/2026\/02\/emmie_ai.png\" class=\"attachment-full size-full wp-image-16858\" alt=\"\" srcset=\"https:\/\/websitedev.terranoha.com\/wp-content\/uploads\/2026\/02\/emmie_ai.png 792w, https:\/\/websitedev.terranoha.com\/wp-content\/uploads\/2026\/02\/emmie_ai-187x300.png 187w, https:\/\/websitedev.terranoha.com\/wp-content\/uploads\/2026\/02\/emmie_ai-638x1024.png 638w, https:\/\/websitedev.terranoha.com\/wp-content\/uploads\/2026\/02\/emmie_ai-768x1232.png 768w\" sizes=\"(max-width: 792px) 100vw, 792px\" \/>\t\t\t\t\t\t\t\t\t\t\t\t\t\t\t<\/div>\n\t\t\t\t<\/div>\n\t\t\t\t\t<\/div>\n\t\t<\/div>\n\t\t\t\t<div class=\"elementor-column elementor-col-50 elementor-inner-column elementor-element elementor-element-523dd37\" data-id=\"523dd37\" data-element_type=\"column\" data-e-type=\"column\">\n\t\t\t<div class=\"elementor-widget-wrap elementor-element-populated\">\n\t\t\t\t\t\t<div class=\"elementor-element elementor-element-36b18c3 elementor-widget elementor-widget-aiero_heading\" data-id=\"36b18c3\" data-element_type=\"widget\" data-e-type=\"widget\" data-widget_type=\"aiero_heading.default\">\n\t\t\t\t<div class=\"elementor-widget-container\">\n\t\t\t\t\t<div class=\"aiero-heading-widget\"><h1 class=\"aiero-heading\"><span class=\"aiero-heading-content has_gradient_color_text\">Voir Emmie en action.\n<\/span><\/h1><\/div>\t\t\t\t<\/div>\n\t\t\t\t<\/div>\n\t\t\t\t<div class=\"elementor-element elementor-element-7016979 elementor-widget elementor-widget-aiero_heading\" data-id=\"7016979\" data-element_type=\"widget\" data-e-type=\"widget\" data-widget_type=\"aiero_heading.default\">\n\t\t\t\t<div class=\"elementor-widget-container\">\n\t\t\t\t\t<div class=\"aiero-heading-widget\"><h3 class=\"aiero-heading\"><span class=\"aiero-heading-content has_gradient_color_text\">D\u00e9couvrez comment le langage naturel devient une ex\u00e9cution gouvern\u00e9e au sein de vos syst\u00e8mes.\n<\/span><\/h3><\/div>\t\t\t\t<\/div>\n\t\t\t\t<\/div>\n\t\t\t\t<div class=\"elementor-element elementor-element-d9b4722 elementor-widget elementor-widget-html\" data-id=\"d9b4722\" data-element_type=\"widget\" data-e-type=\"widget\" data-widget_type=\"html.default\">\n\t\t\t\t<div class=\"elementor-widget-container\">\n\t\t\t\t\t<script charset=\"utf-8\" type=\"text\/javascript\" src=\"\/\/js.hsforms.net\/forms\/embed\/v2.js\"><\/script>\r\n<script>\r\n  hbspt.forms.create({\r\n    portalId: \"6519643\",\r\n    formId: \"dfbe0cd4-c40a-4474-b158-4352b59849a0\",\r\n    region: \"na1\"\r\n  });\r\n<\/script>\t\t\t\t<\/div>\n\t\t\t\t<\/div>\n\t\t\t\t\t<\/div>\n\t\t<\/div>\n\t\t\t\t\t<\/div>\n\t\t<\/section>\n\t\t\t\t\t<\/div>\n\t\t<\/div>\n\t\t\t\t\t<\/div>\n\t\t<\/section>\n\t\t\t\t<\/div>\n\t\t","protected":false},"excerpt":{"rendered":"","protected":false},"author":1,"featured_media":0,"parent":0,"menu_order":6,"comment_status":"closed","ping_status":"closed","template":"","meta":{"footnotes":""},"class_list":["post-16857","page","type-page","status-publish","hentry"],"yoast_head":"<!-- This site is optimized with the Yoast SEO plugin v27.3 - https:\/\/yoast.com\/product\/yoast-seo-wordpress\/ -->\n<title>Booker une D\u00e9mo - Terranoha<\/title>\n<meta name=\"robots\" content=\"noindex, follow, max-snippet:-1, max-image-preview:large, max-video-preview:-1\" \/>\n<meta property=\"og:locale\" content=\"fr_FR\" \/>\n<meta property=\"og:type\" content=\"article\" \/>\n<meta property=\"og:title\" content=\"Booker une D\u00e9mo - Terranoha\" \/>\n<meta property=\"og:url\" content=\"https:\/\/websitedev.terranoha.com\/fr\/booker-une-demo\/\" \/>\n<meta property=\"og:site_name\" content=\"Terranoha\" \/>\n<meta property=\"article:modified_time\" content=\"2026-03-09T16:32:27+00:00\" \/>\n<meta property=\"og:image\" content=\"https:\/\/websitedev.terranoha.com\/wp-content\/uploads\/2026\/02\/emmie_ai.png\" \/>\n<meta name=\"twitter:card\" content=\"summary_large_image\" \/>\n<meta name=\"twitter:label1\" content=\"Dur\u00e9e de lecture estim\u00e9e\" \/>\n\t<meta name=\"twitter:data1\" content=\"1 minute\" \/>\n<script type=\"application\/ld+json\" class=\"yoast-schema-graph\">{\"@context\":\"https:\\\/\\\/schema.org\",\"@graph\":[{\"@type\":\"WebPage\",\"@id\":\"https:\\\/\\\/websitedev.terranoha.com\\\/fr\\\/booker-une-demo\\\/\",\"url\":\"https:\\\/\\\/websitedev.terranoha.com\\\/fr\\\/booker-une-demo\\\/\",\"name\":\"Booker une D\u00e9mo - Terranoha\",\"isPartOf\":{\"@id\":\"https:\\\/\\\/websitedev.terranoha.com\\\/fr\\\/#website\"},\"primaryImageOfPage\":{\"@id\":\"https:\\\/\\\/websitedev.terranoha.com\\\/fr\\\/booker-une-demo\\\/#primaryimage\"},\"image\":{\"@id\":\"https:\\\/\\\/websitedev.terranoha.com\\\/fr\\\/booker-une-demo\\\/#primaryimage\"},\"thumbnailUrl\":\"https:\\\/\\\/websitedev.terranoha.com\\\/wp-content\\\/uploads\\\/2026\\\/02\\\/emmie_ai.png\",\"datePublished\":\"2026-03-09T16:19:00+00:00\",\"dateModified\":\"2026-03-09T16:32:27+00:00\",\"breadcrumb\":{\"@id\":\"https:\\\/\\\/websitedev.terranoha.com\\\/fr\\\/booker-une-demo\\\/#breadcrumb\"},\"inLanguage\":\"fr-FR\",\"potentialAction\":[{\"@type\":\"ReadAction\",\"target\":[\"https:\\\/\\\/websitedev.terranoha.com\\\/fr\\\/booker-une-demo\\\/\"]}]},{\"@type\":\"ImageObject\",\"inLanguage\":\"fr-FR\",\"@id\":\"https:\\\/\\\/websitedev.terranoha.com\\\/fr\\\/booker-une-demo\\\/#primaryimage\",\"url\":\"https:\\\/\\\/websitedev.terranoha.com\\\/wp-content\\\/uploads\\\/2026\\\/02\\\/emmie_ai.png\",\"contentUrl\":\"https:\\\/\\\/websitedev.terranoha.com\\\/wp-content\\\/uploads\\\/2026\\\/02\\\/emmie_ai.png\"},{\"@type\":\"BreadcrumbList\",\"@id\":\"https:\\\/\\\/websitedev.terranoha.com\\\/fr\\\/booker-une-demo\\\/#breadcrumb\",\"itemListElement\":[{\"@type\":\"ListItem\",\"position\":1,\"name\":\"Home\",\"item\":\"https:\\\/\\\/websitedev.terranoha.com\\\/fr\\\/\"},{\"@type\":\"ListItem\",\"position\":2,\"name\":\"Booker une D\u00e9mo\"}]},{\"@type\":\"WebSite\",\"@id\":\"https:\\\/\\\/websitedev.terranoha.com\\\/fr\\\/#website\",\"url\":\"https:\\\/\\\/websitedev.terranoha.com\\\/fr\\\/\",\"name\":\"Terranoha\",\"description\":\"The Smartest Automation.\",\"potentialAction\":[{\"@type\":\"SearchAction\",\"target\":{\"@type\":\"EntryPoint\",\"urlTemplate\":\"https:\\\/\\\/websitedev.terranoha.com\\\/fr\\\/?s={search_term_string}\"},\"query-input\":{\"@type\":\"PropertyValueSpecification\",\"valueRequired\":true,\"valueName\":\"search_term_string\"}}],\"inLanguage\":\"fr-FR\"}]}<\/script>\n<!-- \/ Yoast SEO plugin. -->","yoast_head_json":{"title":"Booker une D\u00e9mo - Terranoha","robots":{"index":"noindex","follow":"follow","max-snippet":"max-snippet:-1","max-image-preview":"max-image-preview:large","max-video-preview":"max-video-preview:-1"},"og_locale":"fr_FR","og_type":"article","og_title":"Booker une D\u00e9mo - Terranoha","og_url":"https:\/\/websitedev.terranoha.com\/fr\/booker-une-demo\/","og_site_name":"Terranoha","article_modified_time":"2026-03-09T16:32:27+00:00","og_image":[{"url":"https:\/\/websitedev.terranoha.com\/wp-content\/uploads\/2026\/02\/emmie_ai.png","type":"","width":"","height":""}],"twitter_card":"summary_large_image","twitter_misc":{"Dur\u00e9e de lecture estim\u00e9e":"1 minute"},"schema":{"@context":"https:\/\/schema.org","@graph":[{"@type":"WebPage","@id":"https:\/\/websitedev.terranoha.com\/fr\/booker-une-demo\/","url":"https:\/\/websitedev.terranoha.com\/fr\/booker-une-demo\/","name":"Booker une D\u00e9mo - Terranoha","isPartOf":{"@id":"https:\/\/websitedev.terranoha.com\/fr\/#website"},"primaryImageOfPage":{"@id":"https:\/\/websitedev.terranoha.com\/fr\/booker-une-demo\/#primaryimage"},"image":{"@id":"https:\/\/websitedev.terranoha.com\/fr\/booker-une-demo\/#primaryimage"},"thumbnailUrl":"https:\/\/websitedev.terranoha.com\/wp-content\/uploads\/2026\/02\/emmie_ai.png","datePublished":"2026-03-09T16:19:00+00:00","dateModified":"2026-03-09T16:32:27+00:00","breadcrumb":{"@id":"https:\/\/websitedev.terranoha.com\/fr\/booker-une-demo\/#breadcrumb"},"inLanguage":"fr-FR","potentialAction":[{"@type":"ReadAction","target":["https:\/\/websitedev.terranoha.com\/fr\/booker-une-demo\/"]}]},{"@type":"ImageObject","inLanguage":"fr-FR","@id":"https:\/\/websitedev.terranoha.com\/fr\/booker-une-demo\/#primaryimage","url":"https:\/\/websitedev.terranoha.com\/wp-content\/uploads\/2026\/02\/emmie_ai.png","contentUrl":"https:\/\/websitedev.terranoha.com\/wp-content\/uploads\/2026\/02\/emmie_ai.png"},{"@type":"BreadcrumbList","@id":"https:\/\/websitedev.terranoha.com\/fr\/booker-une-demo\/#breadcrumb","itemListElement":[{"@type":"ListItem","position":1,"name":"Home","item":"https:\/\/websitedev.terranoha.com\/fr\/"},{"@type":"ListItem","position":2,"name":"Booker une D\u00e9mo"}]},{"@type":"WebSite","@id":"https:\/\/websitedev.terranoha.com\/fr\/#website","url":"https:\/\/websitedev.terranoha.com\/fr\/","name":"Terranoha","description":"The Smartest Automation.","potentialAction":[{"@type":"SearchAction","target":{"@type":"EntryPoint","urlTemplate":"https:\/\/websitedev.terranoha.com\/fr\/?s={search_term_string}"},"query-input":{"@type":"PropertyValueSpecification","valueRequired":true,"valueName":"search_term_string"}}],"inLanguage":"fr-FR"}]}},"_links":{"self":[{"href":"https:\/\/websitedev.terranoha.com\/fr\/wp-json\/wp\/v2\/pages\/16857","targetHints":{"allow":["GET"]}}],"collection":[{"href":"https:\/\/websitedev.terranoha.com\/fr\/wp-json\/wp\/v2\/pages"}],"about":[{"href":"https:\/\/websitedev.terranoha.com\/fr\/wp-json\/wp\/v2\/types\/page"}],"author":[{"embeddable":true,"href":"https:\/\/websitedev.terranoha.com\/fr\/wp-json\/wp\/v2\/users\/1"}],"replies":[{"embeddable":true,"href":"https:\/\/websitedev.terranoha.com\/fr\/wp-json\/wp\/v2\/comments?post=16857"}],"version-history":[{"count":4,"href":"https:\/\/websitedev.terranoha.com\/fr\/wp-json\/wp\/v2\/pages\/16857\/revisions"}],"predecessor-version":[{"id":16862,"href":"https:\/\/websitedev.terranoha.com\/fr\/wp-json\/wp\/v2\/pages\/16857\/revisions\/16862"}],"wp:attachment":[{"href":"https:\/\/websitedev.terranoha.com\/fr\/wp-json\/wp\/v2\/media?parent=16857"}],"curies":[{"name":"wp","href":"https:\/\/api.w.org\/{rel}","templated":true}]}}