{"id":16843,"date":"2026-03-09T16:05:51","date_gmt":"2026-03-09T16:05:51","guid":{"rendered":"https:\/\/websitedev.terranoha.com\/societe\/contacts\/"},"modified":"2026-03-11T14:22:35","modified_gmt":"2026-03-11T14:22:35","slug":"contacts","status":"publish","type":"page","link":"https:\/\/websitedev.terranoha.com\/fr\/societe\/contacts\/","title":{"rendered":"Contacts"},"content":{"rendered":"\t\t<div data-elementor-type=\"wp-page\" data-elementor-id=\"16843\" class=\"elementor elementor-16843 elementor-2018\" data-elementor-post-type=\"page\">\n\t\t\t\t\t\t<section class=\"elementor-section elementor-top-section elementor-element elementor-element-385db0a8 elementor-section-stretched elementor-section-boxed elementor-section-height-default elementor-section-height-default\" data-id=\"385db0a8\" data-element_type=\"section\" data-e-type=\"section\" data-settings=\"{&quot;stretch_section&quot;:&quot;section-stretched&quot;,&quot;background_background&quot;:&quot;classic&quot;}\">\n\t\t\t\t\t\t<div class=\"elementor-container elementor-column-gap-wide\">\n\t\t\t\t\t<div class=\"elementor-column elementor-col-50 elementor-top-column elementor-element elementor-element-509ce39c\" data-id=\"509ce39c\" data-element_type=\"column\" data-e-type=\"column\">\n\t\t\t<div class=\"elementor-widget-wrap elementor-element-populated\">\n\t\t\t\t\t\t<section class=\"elementor-section elementor-inner-section elementor-element elementor-element-dd14e1b elementor-section-boxed elementor-section-height-default elementor-section-height-default\" data-id=\"dd14e1b\" data-element_type=\"section\" data-e-type=\"section\">\n\t\t\t\t\t\t<div class=\"elementor-container elementor-column-gap-default\">\n\t\t\t\t\t<div class=\"elementor-column elementor-col-100 elementor-inner-column elementor-element elementor-element-354958d7\" data-id=\"354958d7\" data-element_type=\"column\" data-e-type=\"column\">\n\t\t\t<div class=\"elementor-widget-wrap elementor-element-populated\">\n\t\t\t\t\t\t<div class=\"elementor-element elementor-element-1ef6370 elementor-widget elementor-widget-aiero_heading\" data-id=\"1ef6370\" data-element_type=\"widget\" data-e-type=\"widget\" data-widget_type=\"aiero_heading.default\">\n\t\t\t\t<div class=\"elementor-widget-container\">\n\t\t\t\t\t<div class=\"aiero-heading-widget\"><h2 class=\"aiero-heading\"><span class=\"aiero-heading-content has_gradient_color_text\">Nous sommes toujours pr\u00eats \u00e0 vous aider et \u00e0 r\u00e9pondre \u00e0 vos questions.\n<\/span><\/h2><\/div>\t\t\t\t<\/div>\n\t\t\t\t<\/div>\n\t\t\t\t<div class=\"elementor-element elementor-element-514ad32b elementor-widget elementor-widget-text-editor\" data-id=\"514ad32b\" data-element_type=\"widget\" data-e-type=\"widget\" data-widget_type=\"text-editor.default\">\n\t\t\t\t<div class=\"elementor-widget-container\">\n\t\t\t\t\t\t\t\t\t<p>Explorons comment vos op\u00e9rations peuvent \u00eatre automatis\u00e9es en toute s\u00e9curit\u00e9 gr\u00e2ce \u00e0 une IA gouvern\u00e9e.<\/p>\n\t\t\t\t\t\t\t\t<\/div>\n\t\t\t\t<\/div>\n\t\t\t\t\t<\/div>\n\t\t<\/div>\n\t\t\t\t\t<\/div>\n\t\t<\/section>\n\t\t\t\t<section class=\"elementor-section elementor-inner-section elementor-element elementor-element-750ee92d elementor-section-boxed elementor-section-height-default elementor-section-height-default\" data-id=\"750ee92d\" data-element_type=\"section\" data-e-type=\"section\">\n\t\t\t\t\t\t<div class=\"elementor-container elementor-column-gap-default\">\n\t\t\t\t\t<div class=\"elementor-column elementor-col-50 elementor-inner-column elementor-element elementor-element-79fd864c\" data-id=\"79fd864c\" data-element_type=\"column\" data-e-type=\"column\">\n\t\t\t<div class=\"elementor-widget-wrap elementor-element-populated\">\n\t\t\t\t\t\t<div class=\"elementor-element elementor-element-4679512 elementor-widget elementor-widget-aiero_heading\" data-id=\"4679512\" data-element_type=\"widget\" data-e-type=\"widget\" data-widget_type=\"aiero_heading.default\">\n\t\t\t\t<div class=\"elementor-widget-container\">\n\t\t\t\t\t<div class=\"aiero-heading-widget\"><h6 class=\"aiero-heading\"><span class=\"aiero-heading-content has_gradient_color_text\">T\u00e9l\u00e9phone\n<\/span><\/h6><\/div>\t\t\t\t<\/div>\n\t\t\t\t<\/div>\n\t\t\t\t<div class=\"elementor-element elementor-element-5cdd23b elementor-widget elementor-widget-text-editor\" data-id=\"5cdd23b\" data-element_type=\"widget\" data-e-type=\"widget\" data-widget_type=\"text-editor.default\">\n\t\t\t\t<div class=\"elementor-widget-container\">\n\t\t\t\t\t\t\t\t\t<p><a href=\"tel:+33 631 866 911\">+33 631 866 911<\/a><\/p>\n\t\t\t\t\t\t\t\t<\/div>\n\t\t\t\t<\/div>\n\t\t\t\t<div class=\"elementor-element elementor-element-7c6667e elementor-widget elementor-widget-aiero_heading\" data-id=\"7c6667e\" data-element_type=\"widget\" data-e-type=\"widget\" data-widget_type=\"aiero_heading.default\">\n\t\t\t\t<div class=\"elementor-widget-container\">\n\t\t\t\t\t<div class=\"aiero-heading-widget\"><h6 class=\"aiero-heading\"><span class=\"aiero-heading-content has_gradient_color_text\">E-mail\n<\/span><\/h6><\/div>\t\t\t\t<\/div>\n\t\t\t\t<\/div>\n\t\t\t\t<div class=\"elementor-element elementor-element-64ef08ce elementor-widget elementor-widget-text-editor\" data-id=\"64ef08ce\" data-element_type=\"widget\" data-e-type=\"widget\" data-widget_type=\"text-editor.default\">\n\t\t\t\t<div class=\"elementor-widget-container\">\n\t\t\t\t\t\t\t\t\t<p><a href=\"mailto:sales@terranoha.com\"><span style=\"text-decoration: underline;\">sales@terranoha.com<\/span><\/a><\/p>\n\t\t\t\t\t\t\t\t<\/div>\n\t\t\t\t<\/div>\n\t\t\t\t\t<\/div>\n\t\t<\/div>\n\t\t\t\t<div class=\"elementor-column elementor-col-50 elementor-inner-column elementor-element elementor-element-781edec8\" data-id=\"781edec8\" data-element_type=\"column\" data-e-type=\"column\">\n\t\t\t<div class=\"elementor-widget-wrap elementor-element-populated\">\n\t\t\t\t\t\t<div class=\"elementor-element elementor-element-78fcd27 elementor-widget elementor-widget-aiero_heading\" data-id=\"78fcd27\" data-element_type=\"widget\" data-e-type=\"widget\" data-widget_type=\"aiero_heading.default\">\n\t\t\t\t<div class=\"elementor-widget-container\">\n\t\t\t\t\t<div class=\"aiero-heading-widget\"><h6 class=\"aiero-heading\"><span class=\"aiero-heading-content has_gradient_color_text\">Localisation\n<\/span><\/h6><\/div>\t\t\t\t<\/div>\n\t\t\t\t<\/div>\n\t\t\t\t<div class=\"elementor-element elementor-element-17ccfc6b elementor-widget elementor-widget-text-editor\" data-id=\"17ccfc6b\" data-element_type=\"widget\" data-e-type=\"widget\" data-widget_type=\"text-editor.default\">\n\t\t\t\t<div class=\"elementor-widget-container\">\n\t\t\t\t\t\t\t\t\t<p>Avenue Louis Casa\u00ef 71,<br \/>1216 Gen\u00e8ve \u2013 Suisse<\/p>\n\t\t\t\t\t\t\t\t<\/div>\n\t\t\t\t<\/div>\n\t\t\t\t<div class=\"elementor-element elementor-element-5c9f71d elementor-widget elementor-widget-aiero_heading\" data-id=\"5c9f71d\" data-element_type=\"widget\" data-e-type=\"widget\" data-widget_type=\"aiero_heading.default\">\n\t\t\t\t<div class=\"elementor-widget-container\">\n\t\t\t\t\t<div class=\"aiero-heading-widget\"><h6 class=\"aiero-heading\"><span class=\"aiero-heading-content has_gradient_color_text\">R\u00e9seaux sociaux\n<\/span><\/h6><\/div>\t\t\t\t<\/div>\n\t\t\t\t<\/div>\n\t\t\t\t<div class=\"elementor-element elementor-element-5c62bdad elementor-shape-square e-grid-align-left elementor-grid-0 elementor-widget elementor-widget-social-icons\" data-id=\"5c62bdad\" data-element_type=\"widget\" data-e-type=\"widget\" data-widget_type=\"social-icons.default\">\n\t\t\t\t<div class=\"elementor-widget-container\">\n\t\t\t\t\t\t\t<div class=\"elementor-social-icons-wrapper elementor-grid\" role=\"list\">\n\t\t\t\t\t\t\t<span class=\"elementor-grid-item\" role=\"listitem\">\n\t\t\t\t\t<a class=\"elementor-icon elementor-social-icon elementor-social-icon-linkedin-in elementor-repeater-item-0770189\" href=\"https:\/\/www.linkedin.com\/company\/terranoha\/\" target=\"_blank\">\n\t\t\t\t\t\t<span class=\"elementor-screen-only\">Linkedin-in<\/span>\n\t\t\t\t\t\t<i aria-hidden=\"true\" class=\"fab fa-linkedin-in\"><\/i>\t\t\t\t\t<\/a>\n\t\t\t\t<\/span>\n\t\t\t\t\t\t\t<span class=\"elementor-grid-item\" role=\"listitem\">\n\t\t\t\t\t<a class=\"elementor-icon elementor-social-icon elementor-social-icon-medium elementor-repeater-item-e9738af\" href=\"https:\/\/terranoha.medium.com\/\" target=\"_blank\">\n\t\t\t\t\t\t<span class=\"elementor-screen-only\">Medium<\/span>\n\t\t\t\t\t\t<i aria-hidden=\"true\" class=\"fab fa-medium\"><\/i>\t\t\t\t\t<\/a>\n\t\t\t\t<\/span>\n\t\t\t\t\t\t\t<span class=\"elementor-grid-item\" role=\"listitem\">\n\t\t\t\t\t<a class=\"elementor-icon elementor-social-icon elementor-social-icon-youtube elementor-repeater-item-39572b8\" href=\"https:\/\/www.youtube.com\/watch?v=xme4M_V09HU\" target=\"_blank\">\n\t\t\t\t\t\t<span class=\"elementor-screen-only\">Youtube<\/span>\n\t\t\t\t\t\t<i aria-hidden=\"true\" class=\"fab fa-youtube\"><\/i>\t\t\t\t\t<\/a>\n\t\t\t\t<\/span>\n\t\t\t\t\t<\/div>\n\t\t\t\t\t\t<\/div>\n\t\t\t\t<\/div>\n\t\t\t\t\t<\/div>\n\t\t<\/div>\n\t\t\t\t\t<\/div>\n\t\t<\/section>\n\t\t\t\t\t<\/div>\n\t\t<\/div>\n\t\t\t\t<div class=\"elementor-column elementor-col-50 elementor-top-column elementor-element elementor-element-745573ee\" data-id=\"745573ee\" data-element_type=\"column\" data-e-type=\"column\" data-settings=\"{&quot;background_background&quot;:&quot;classic&quot;}\">\n\t\t\t<div class=\"elementor-widget-wrap elementor-element-populated\">\n\t\t\t\t\t\t<div class=\"elementor-element elementor-element-9542c51 elementor-widget elementor-widget-text-editor\" data-id=\"9542c51\" data-element_type=\"widget\" data-e-type=\"widget\" data-widget_type=\"text-editor.default\">\n\t\t\t\t<div class=\"elementor-widget-container\">\n\t\t\t\t\t\t\t\t\t<p><em>Contactez directement l\u2019\u00e9quipe Terranoha via ce formulaire<\/em><\/p>\n\t\t\t\t\t\t\t\t<\/div>\n\t\t\t\t<\/div>\n\t\t\t\t<div class=\"elementor-element elementor-element-b81936d elementor-widget elementor-widget-html\" data-id=\"b81936d\" data-element_type=\"widget\" data-e-type=\"widget\" data-widget_type=\"html.default\">\n\t\t\t\t<div class=\"elementor-widget-container\">\n\t\t\t\t\t<script charset=\"utf-8\" type=\"text\/javascript\" src=\"\/\/js.hsforms.net\/forms\/embed\/v2.js\"><\/script>\r\n<script>\r\n  hbspt.forms.create({\r\n    portalId: \"6519643\",\r\n    formId: \"742eea20-51e7-488d-ba6e-a95db8eb9729\",\r\n    region: \"na1\"\r\n  });\r\n<\/script>\t\t\t\t<\/div>\n\t\t\t\t<\/div>\n\t\t\t\t\t<\/div>\n\t\t<\/div>\n\t\t\t\t\t<\/div>\n\t\t<\/section>\n\t\t\t\t<section class=\"elementor-section elementor-top-section elementor-element elementor-element-d838022 elementor-section-full_width elementor-section-stretched elementor-hidden-widescreen elementor-hidden-desktop elementor-hidden-laptop elementor-hidden-tablet_extra elementor-hidden-tablet elementor-hidden-mobile_extra elementor-hidden-mobile elementor-section-height-default elementor-section-height-default\" data-id=\"d838022\" data-element_type=\"section\" data-e-type=\"section\" data-settings=\"{&quot;stretch_section&quot;:&quot;section-stretched&quot;}\">\n\t\t\t\t\t\t<div class=\"elementor-container elementor-column-gap-no\">\n\t\t\t\t\t<div class=\"elementor-column elementor-col-100 elementor-top-column elementor-element elementor-element-4602714\" data-id=\"4602714\" data-element_type=\"column\" data-e-type=\"column\">\n\t\t\t<div class=\"elementor-widget-wrap elementor-element-populated\">\n\t\t\t\t\t\t<div class=\"elementor-element elementor-element-fdd2c2e elementor-absolute elementor-hidden-tablet_extra elementor-hidden-tablet elementor-hidden-mobile_extra elementor-hidden-mobile elementor-widget elementor-widget-image\" data-id=\"fdd2c2e\" data-element_type=\"widget\" data-e-type=\"widget\" data-settings=\"{&quot;_position&quot;:&quot;absolute&quot;}\" data-widget_type=\"image.default\">\n\t\t\t\t<div class=\"elementor-widget-container\">\n\t\t\t\t\t\t\t\t\t\t\t\t\t\t\t<img fetchpriority=\"high\" decoding=\"async\" width=\"643\" height=\"994\" src=\"https:\/\/websitedev.terranoha.com\/wp-content\/uploads\/2025\/02\/Ellipse-150-1.svg\" class=\"attachment-full size-full wp-image-16845\" alt=\"\" \/>\t\t\t\t\t\t\t\t\t\t\t\t\t\t\t<\/div>\n\t\t\t\t<\/div>\n\t\t\t\t<div class=\"elementor-element elementor-element-909a780 elementor-absolute elementor-widget elementor-widget-image\" data-id=\"909a780\" data-element_type=\"widget\" data-e-type=\"widget\" data-settings=\"{&quot;_position&quot;:&quot;absolute&quot;}\" data-widget_type=\"image.default\">\n\t\t\t\t<div class=\"elementor-widget-container\">\n\t\t\t\t\t\t\t\t\t\t\t\t\t\t\t<img decoding=\"async\" width=\"1920\" height=\"1376\" src=\"https:\/\/websitedev.terranoha.com\/wp-content\/uploads\/2025\/02\/section-bg.svg\" class=\"attachment-full size-full wp-image-17353\" alt=\"\" \/>\t\t\t\t\t\t\t\t\t\t\t\t\t\t\t<\/div>\n\t\t\t\t<\/div>\n\t\t\t\t<div class=\"elementor-element elementor-element-40d3905 elementor-widget elementor-widget-google_maps\" data-id=\"40d3905\" data-element_type=\"widget\" data-e-type=\"widget\" data-widget_type=\"google_maps.default\">\n\t\t\t\t<div class=\"elementor-widget-container\">\n\t\t\t\t\t\t\t<div class=\"elementor-custom-embed\">\n\t\t\t<iframe loading=\"lazy\"\n\t\t\t\t\tsrc=\"https:\/\/maps.google.com\/maps?q=Avenue%20Louis%20Casa%C3%AF%2071%2C%201216%20Geneva%20%E2%80%93%20Switzerland&#038;t=m&#038;z=10&#038;output=embed&#038;iwloc=near\"\n\t\t\t\t\ttitle=\"Avenue Louis Casa\u00ef 71, 1216 Geneva \u2013 Switzerland\"\n\t\t\t\t\taria-label=\"Avenue Louis Casa\u00ef 71, 1216 Geneva \u2013 Switzerland\"\n\t\t\t><\/iframe>\n\t\t<\/div>\n\t\t\t\t\t\t<\/div>\n\t\t\t\t<\/div>\n\t\t\t\t\t<\/div>\n\t\t<\/div>\n\t\t\t\t\t<\/div>\n\t\t<\/section>\n\t\t\t\t<\/div>\n\t\t","protected":false},"excerpt":{"rendered":"<p>Explorons comment vos op\u00e9rations peuvent \u00eatre automatis\u00e9es en toute s\u00e9curit\u00e9 gr\u00e2ce \u00e0 une IA gouvern\u00e9e. +33 631 866 911 sales@terranoha.com Avenue Louis Casa\u00ef 71,1216 Gen\u00e8ve \u2013 Suisse Linkedin-in Medium Youtube Contactez directement l\u2019\u00e9quipe Terranoha via ce formulaire<\/p>\n","protected":false},"author":1,"featured_media":0,"parent":16736,"menu_order":0,"comment_status":"closed","ping_status":"closed","template":"","meta":{"footnotes":""},"class_list":["post-16843","page","type-page","status-publish","hentry"],"yoast_head":"<!-- This site is optimized with the Yoast SEO plugin v27.3 - https:\/\/yoast.com\/product\/yoast-seo-wordpress\/ -->\n<title>Contacts - Terranoha<\/title>\n<meta name=\"robots\" content=\"noindex, follow, max-snippet:-1, max-image-preview:large, max-video-preview:-1\" \/>\n<meta property=\"og:locale\" content=\"fr_FR\" \/>\n<meta property=\"og:type\" content=\"article\" \/>\n<meta property=\"og:title\" content=\"Contacts - Terranoha\" \/>\n<meta property=\"og:description\" content=\"Explorons comment vos op\u00e9rations peuvent \u00eatre automatis\u00e9es en toute s\u00e9curit\u00e9 gr\u00e2ce \u00e0 une IA gouvern\u00e9e. +33 631 866 911 sales@terranoha.com Avenue Louis Casa\u00ef 71,1216 Gen\u00e8ve \u2013 Suisse Linkedin-in Medium Youtube Contactez directement l\u2019\u00e9quipe Terranoha via ce formulaire\" \/>\n<meta property=\"og:url\" content=\"https:\/\/websitedev.terranoha.com\/fr\/societe\/contacts\/\" \/>\n<meta property=\"og:site_name\" content=\"Terranoha\" \/>\n<meta property=\"article:modified_time\" content=\"2026-03-11T14:22:35+00:00\" \/>\n<meta property=\"og:image\" content=\"https:\/\/websitedev.terranoha.com\/wp-content\/uploads\/2025\/02\/Ellipse-150-1.svg\" \/>\n<meta name=\"twitter:card\" content=\"summary_large_image\" \/>\n<script type=\"application\/ld+json\" class=\"yoast-schema-graph\">{\"@context\":\"https:\\\/\\\/schema.org\",\"@graph\":[{\"@type\":\"WebPage\",\"@id\":\"https:\\\/\\\/websitedev.terranoha.com\\\/fr\\\/societe\\\/contacts\\\/\",\"url\":\"https:\\\/\\\/websitedev.terranoha.com\\\/fr\\\/societe\\\/contacts\\\/\",\"name\":\"Contacts - Terranoha\",\"isPartOf\":{\"@id\":\"https:\\\/\\\/websitedev.terranoha.com\\\/fr\\\/#website\"},\"primaryImageOfPage\":{\"@id\":\"https:\\\/\\\/websitedev.terranoha.com\\\/fr\\\/societe\\\/contacts\\\/#primaryimage\"},\"image\":{\"@id\":\"https:\\\/\\\/websitedev.terranoha.com\\\/fr\\\/societe\\\/contacts\\\/#primaryimage\"},\"thumbnailUrl\":\"https:\\\/\\\/websitedev.terranoha.com\\\/wp-content\\\/uploads\\\/2025\\\/02\\\/Ellipse-150-1.svg\",\"datePublished\":\"2026-03-09T16:05:51+00:00\",\"dateModified\":\"2026-03-11T14:22:35+00:00\",\"breadcrumb\":{\"@id\":\"https:\\\/\\\/websitedev.terranoha.com\\\/fr\\\/societe\\\/contacts\\\/#breadcrumb\"},\"inLanguage\":\"fr-FR\",\"potentialAction\":[{\"@type\":\"ReadAction\",\"target\":[\"https:\\\/\\\/websitedev.terranoha.com\\\/fr\\\/societe\\\/contacts\\\/\"]}]},{\"@type\":\"ImageObject\",\"inLanguage\":\"fr-FR\",\"@id\":\"https:\\\/\\\/websitedev.terranoha.com\\\/fr\\\/societe\\\/contacts\\\/#primaryimage\",\"url\":\"https:\\\/\\\/websitedev.terranoha.com\\\/wp-content\\\/uploads\\\/2025\\\/02\\\/Ellipse-150-1.svg\",\"contentUrl\":\"https:\\\/\\\/websitedev.terranoha.com\\\/wp-content\\\/uploads\\\/2025\\\/02\\\/Ellipse-150-1.svg\"},{\"@type\":\"BreadcrumbList\",\"@id\":\"https:\\\/\\\/websitedev.terranoha.com\\\/fr\\\/societe\\\/contacts\\\/#breadcrumb\",\"itemListElement\":[{\"@type\":\"ListItem\",\"position\":1,\"name\":\"Home\",\"item\":\"https:\\\/\\\/websitedev.terranoha.com\\\/fr\\\/\"},{\"@type\":\"ListItem\",\"position\":2,\"name\":\"Soci\u00e9t\u00e9\",\"item\":\"https:\\\/\\\/websitedev.terranoha.com\\\/fr\\\/societe\\\/\"},{\"@type\":\"ListItem\",\"position\":3,\"name\":\"Contacts\"}]},{\"@type\":\"WebSite\",\"@id\":\"https:\\\/\\\/websitedev.terranoha.com\\\/fr\\\/#website\",\"url\":\"https:\\\/\\\/websitedev.terranoha.com\\\/fr\\\/\",\"name\":\"Terranoha\",\"description\":\"The Smartest Automation.\",\"potentialAction\":[{\"@type\":\"SearchAction\",\"target\":{\"@type\":\"EntryPoint\",\"urlTemplate\":\"https:\\\/\\\/websitedev.terranoha.com\\\/fr\\\/?s={search_term_string}\"},\"query-input\":{\"@type\":\"PropertyValueSpecification\",\"valueRequired\":true,\"valueName\":\"search_term_string\"}}],\"inLanguage\":\"fr-FR\"}]}<\/script>\n<!-- \/ Yoast SEO plugin. -->","yoast_head_json":{"title":"Contacts - Terranoha","robots":{"index":"noindex","follow":"follow","max-snippet":"max-snippet:-1","max-image-preview":"max-image-preview:large","max-video-preview":"max-video-preview:-1"},"og_locale":"fr_FR","og_type":"article","og_title":"Contacts - Terranoha","og_description":"Explorons comment vos op\u00e9rations peuvent \u00eatre automatis\u00e9es en toute s\u00e9curit\u00e9 gr\u00e2ce \u00e0 une IA gouvern\u00e9e. +33 631 866 911 sales@terranoha.com Avenue Louis Casa\u00ef 71,1216 Gen\u00e8ve \u2013 Suisse Linkedin-in Medium Youtube Contactez directement l\u2019\u00e9quipe Terranoha via ce formulaire","og_url":"https:\/\/websitedev.terranoha.com\/fr\/societe\/contacts\/","og_site_name":"Terranoha","article_modified_time":"2026-03-11T14:22:35+00:00","og_image":[{"url":"https:\/\/websitedev.terranoha.com\/wp-content\/uploads\/2025\/02\/Ellipse-150-1.svg","type":"","width":"","height":""}],"twitter_card":"summary_large_image","schema":{"@context":"https:\/\/schema.org","@graph":[{"@type":"WebPage","@id":"https:\/\/websitedev.terranoha.com\/fr\/societe\/contacts\/","url":"https:\/\/websitedev.terranoha.com\/fr\/societe\/contacts\/","name":"Contacts - Terranoha","isPartOf":{"@id":"https:\/\/websitedev.terranoha.com\/fr\/#website"},"primaryImageOfPage":{"@id":"https:\/\/websitedev.terranoha.com\/fr\/societe\/contacts\/#primaryimage"},"image":{"@id":"https:\/\/websitedev.terranoha.com\/fr\/societe\/contacts\/#primaryimage"},"thumbnailUrl":"https:\/\/websitedev.terranoha.com\/wp-content\/uploads\/2025\/02\/Ellipse-150-1.svg","datePublished":"2026-03-09T16:05:51+00:00","dateModified":"2026-03-11T14:22:35+00:00","breadcrumb":{"@id":"https:\/\/websitedev.terranoha.com\/fr\/societe\/contacts\/#breadcrumb"},"inLanguage":"fr-FR","potentialAction":[{"@type":"ReadAction","target":["https:\/\/websitedev.terranoha.com\/fr\/societe\/contacts\/"]}]},{"@type":"ImageObject","inLanguage":"fr-FR","@id":"https:\/\/websitedev.terranoha.com\/fr\/societe\/contacts\/#primaryimage","url":"https:\/\/websitedev.terranoha.com\/wp-content\/uploads\/2025\/02\/Ellipse-150-1.svg","contentUrl":"https:\/\/websitedev.terranoha.com\/wp-content\/uploads\/2025\/02\/Ellipse-150-1.svg"},{"@type":"BreadcrumbList","@id":"https:\/\/websitedev.terranoha.com\/fr\/societe\/contacts\/#breadcrumb","itemListElement":[{"@type":"ListItem","position":1,"name":"Home","item":"https:\/\/websitedev.terranoha.com\/fr\/"},{"@type":"ListItem","position":2,"name":"Soci\u00e9t\u00e9","item":"https:\/\/websitedev.terranoha.com\/fr\/societe\/"},{"@type":"ListItem","position":3,"name":"Contacts"}]},{"@type":"WebSite","@id":"https:\/\/websitedev.terranoha.com\/fr\/#website","url":"https:\/\/websitedev.terranoha.com\/fr\/","name":"Terranoha","description":"The Smartest Automation.","potentialAction":[{"@type":"SearchAction","target":{"@type":"EntryPoint","urlTemplate":"https:\/\/websitedev.terranoha.com\/fr\/?s={search_term_string}"},"query-input":{"@type":"PropertyValueSpecification","valueRequired":true,"valueName":"search_term_string"}}],"inLanguage":"fr-FR"}]}},"_links":{"self":[{"href":"https:\/\/websitedev.terranoha.com\/fr\/wp-json\/wp\/v2\/pages\/16843","targetHints":{"allow":["GET"]}}],"collection":[{"href":"https:\/\/websitedev.terranoha.com\/fr\/wp-json\/wp\/v2\/pages"}],"about":[{"href":"https:\/\/websitedev.terranoha.com\/fr\/wp-json\/wp\/v2\/types\/page"}],"author":[{"embeddable":true,"href":"https:\/\/websitedev.terranoha.com\/fr\/wp-json\/wp\/v2\/users\/1"}],"replies":[{"embeddable":true,"href":"https:\/\/websitedev.terranoha.com\/fr\/wp-json\/wp\/v2\/comments?post=16843"}],"version-history":[{"count":3,"href":"https:\/\/websitedev.terranoha.com\/fr\/wp-json\/wp\/v2\/pages\/16843\/revisions"}],"predecessor-version":[{"id":16849,"href":"https:\/\/websitedev.terranoha.com\/fr\/wp-json\/wp\/v2\/pages\/16843\/revisions\/16849"}],"up":[{"embeddable":true,"href":"https:\/\/websitedev.terranoha.com\/fr\/wp-json\/wp\/v2\/pages\/16736"}],"wp:attachment":[{"href":"https:\/\/websitedev.terranoha.com\/fr\/wp-json\/wp\/v2\/media?parent=16843"}],"curies":[{"name":"wp","href":"https:\/\/api.w.org\/{rel}","templated":true}]}}