{"id":16881,"date":"2026-02-17T13:23:10","date_gmt":"2026-02-17T13:23:10","guid":{"rendered":"https:\/\/websitedev.terranoha.com\/company\/"},"modified":"2026-03-31T10:01:05","modified_gmt":"2026-03-31T10:01:05","slug":"compania","status":"publish","type":"page","link":"https:\/\/websitedev.terranoha.com\/es\/compania\/","title":{"rendered":"Compa\u00f1\u00eda"},"content":{"rendered":"\t\t<div data-elementor-type=\"wp-page\" data-elementor-id=\"16881\" class=\"elementor elementor-16881 elementor-14699\" data-elementor-post-type=\"page\">\n\t\t\t\t\t\t<section class=\"elementor-section elementor-top-section elementor-element elementor-element-9ffb4d4 elementor-section-full_width elementor-section-stretched elementor-section-container-padding-remove elementor-section-height-default elementor-section-height-default\" data-id=\"9ffb4d4\" data-element_type=\"section\" data-e-type=\"section\" data-settings=\"{&quot;stretch_section&quot;:&quot;section-stretched&quot;}\">\n\t\t\t\t\t\t<div class=\"elementor-container elementor-column-gap-default\">\n\t\t\t\t\t<div class=\"elementor-column elementor-col-25 elementor-top-column elementor-element elementor-element-2b6f2a0\" data-id=\"2b6f2a0\" data-element_type=\"column\" data-e-type=\"column\" data-settings=\"{&quot;background_background&quot;:&quot;classic&quot;}\">\n\t\t\t<div class=\"elementor-widget-wrap elementor-element-populated\">\n\t\t\t\t\t<div class=\"elementor-background-overlay\"><\/div>\n\t\t\t\t\t\t<div class=\"elementor-element elementor-element-638cb1a aiero-heading-decoration-underline elementor-widget elementor-widget-aiero_heading\" data-id=\"638cb1a\" data-element_type=\"widget\" data-e-type=\"widget\" data-widget_type=\"aiero_heading.default\">\n\t\t\t\t<div class=\"elementor-widget-container\">\n\t\t\t\t\t<div class=\"aiero-heading-widget\"><h4 class=\"aiero-heading\"><span class=\"aiero-heading-content has_gradient_color_text\"><a href=\"https:\/\/websitedev.terranoha.com\/es\/compania\/acerca-de-terranoha-una-fintech-suiza\/\">Sobre Terranoha<\/a>\n<\/span><\/h4><\/div>\t\t\t\t<\/div>\n\t\t\t\t<\/div>\n\t\t\t\t<div class=\"elementor-element elementor-element-af9dfbc elementor-widget elementor-widget-text-editor\" data-id=\"af9dfbc\" data-element_type=\"widget\" data-e-type=\"widget\" data-widget_type=\"text-editor.default\">\n\t\t\t\t<div class=\"elementor-widget-container\">\n\t\t\t\t\t\t\t\t\t<p>Terranoha desarrolla IA operativa que act\u00faa de forma segura dentro de los sistemas empresariales, permitiendo una ejecuci\u00f3n gobernada a gran escala.<\/p>\n\t\t\t\t\t\t\t\t<\/div>\n\t\t\t\t<\/div>\n\t\t\t\t<div class=\"elementor-element elementor-element-77900b7 elementor-view-stacked aiero-icon-decoration-on aiero-icon-alignment-right elementor-absolute elementor-shape-circle elementor-widget elementor-widget-icon\" data-id=\"77900b7\" data-element_type=\"widget\" data-e-type=\"widget\" data-settings=\"{&quot;_position&quot;:&quot;absolute&quot;}\" data-widget_type=\"icon.default\">\n\t\t\t\t<div class=\"elementor-widget-container\">\n\t\t\t\t\t\t\t<div class=\"elementor-icon-wrapper\">\n\t\t\t<a class=\"elementor-icon elementor-animation-slide-aslant\" href=\"https:\/\/websitedev.terranoha.com\/es\/compania\/acerca-de-terranoha-una-fintech-suiza\/\">\n\t\t\t<i aria-hidden=\"true\" class=\"fontello icon-button-arrow\"><\/i>\t\t\t<\/a>\n\t\t<\/div>\n\t\t\t\t\t\t<\/div>\n\t\t\t\t<\/div>\n\t\t\t\t\t<\/div>\n\t\t<\/div>\n\t\t\t\t<div class=\"elementor-column elementor-col-25 elementor-top-column elementor-element elementor-element-fdd6164\" data-id=\"fdd6164\" data-element_type=\"column\" data-e-type=\"column\" data-settings=\"{&quot;background_background&quot;:&quot;classic&quot;}\">\n\t\t\t<div class=\"elementor-widget-wrap elementor-element-populated\">\n\t\t\t\t\t\t<div class=\"elementor-element elementor-element-0dfc3f0 aiero-heading-decoration-underline elementor-widget elementor-widget-aiero_heading\" data-id=\"0dfc3f0\" data-element_type=\"widget\" data-e-type=\"widget\" data-widget_type=\"aiero_heading.default\">\n\t\t\t\t<div class=\"elementor-widget-container\">\n\t\t\t\t\t<div class=\"aiero-heading-widget\"><h4 class=\"aiero-heading\"><span class=\"aiero-heading-content has_gradient_color_text\"><a href=\"\/es\/compania\/news\/\">Noticias de la empresa<\/a>\n<\/span><\/h4><\/div>\t\t\t\t<\/div>\n\t\t\t\t<\/div>\n\t\t\t\t<div class=\"elementor-element elementor-element-18656fd elementor-widget elementor-widget-text-editor\" data-id=\"18656fd\" data-element_type=\"widget\" data-e-type=\"widget\" data-widget_type=\"text-editor.default\">\n\t\t\t\t<div class=\"elementor-widget-container\">\n\t\t\t\t\t\t\t\t\t<p>Siga las \u00faltimas novedades de Terranoha, actualizaciones de producto e insights sobre IA gobernada y automatizaci\u00f3n operativa.<\/p>\n\t\t\t\t\t\t\t\t<\/div>\n\t\t\t\t<\/div>\n\t\t\t\t<div class=\"elementor-element elementor-element-ebeaccd elementor-view-stacked aiero-icon-decoration-on aiero-icon-alignment-right elementor-absolute elementor-shape-circle elementor-widget elementor-widget-icon\" data-id=\"ebeaccd\" data-element_type=\"widget\" data-e-type=\"widget\" data-settings=\"{&quot;_position&quot;:&quot;absolute&quot;}\" data-widget_type=\"icon.default\">\n\t\t\t\t<div class=\"elementor-widget-container\">\n\t\t\t\t\t\t\t<div class=\"elementor-icon-wrapper\">\n\t\t\t<a class=\"elementor-icon elementor-animation-slide-aslant\" href=\"https:\/\/websitedev.terranoha.com\/es\/compania\/noticias\/\">\n\t\t\t<i aria-hidden=\"true\" class=\"fontello icon-button-arrow\"><\/i>\t\t\t<\/a>\n\t\t<\/div>\n\t\t\t\t\t\t<\/div>\n\t\t\t\t<\/div>\n\t\t\t\t\t<\/div>\n\t\t<\/div>\n\t\t\t\t<div class=\"elementor-column elementor-col-25 elementor-top-column elementor-element elementor-element-e3485b2\" data-id=\"e3485b2\" data-element_type=\"column\" data-e-type=\"column\">\n\t\t\t<div class=\"elementor-widget-wrap elementor-element-populated\">\n\t\t\t\t\t\t<section class=\"elementor-section elementor-inner-section elementor-element elementor-element-1f32f22 elementor-section-boxed elementor-section-height-default elementor-section-height-default\" data-id=\"1f32f22\" data-element_type=\"section\" data-e-type=\"section\" data-settings=\"{&quot;background_background&quot;:&quot;classic&quot;}\">\n\t\t\t\t\t\t<div class=\"elementor-container elementor-column-gap-default\">\n\t\t\t\t\t<div class=\"elementor-column elementor-col-100 elementor-inner-column elementor-element elementor-element-95baa0d\" data-id=\"95baa0d\" data-element_type=\"column\" data-e-type=\"column\">\n\t\t\t<div class=\"elementor-widget-wrap elementor-element-populated\">\n\t\t\t\t\t\t<div class=\"elementor-element elementor-element-dd00b2a aiero-heading-decoration-underline elementor-widget elementor-widget-aiero_heading\" data-id=\"dd00b2a\" data-element_type=\"widget\" data-e-type=\"widget\" data-widget_type=\"aiero_heading.default\">\n\t\t\t\t<div class=\"elementor-widget-container\">\n\t\t\t\t\t<div class=\"aiero-heading-widget\"><h4 class=\"aiero-heading\"><span class=\"aiero-heading-content has_gradient_color_text\"><a href=\"\/es\/compania\/faq\/\">FAQ<\/a>\n<\/span><\/h4><\/div>\t\t\t\t<\/div>\n\t\t\t\t<\/div>\n\t\t\t\t\t<\/div>\n\t\t<\/div>\n\t\t\t\t\t<\/div>\n\t\t<\/section>\n\t\t\t\t<section class=\"elementor-section elementor-inner-section elementor-element elementor-element-dd9fb72 elementor-section-boxed elementor-section-height-default elementor-section-height-default\" data-id=\"dd9fb72\" data-element_type=\"section\" data-e-type=\"section\" data-settings=\"{&quot;background_background&quot;:&quot;classic&quot;}\">\n\t\t\t\t\t\t<div class=\"elementor-container elementor-column-gap-no\">\n\t\t\t\t\t<div class=\"elementor-column elementor-col-100 elementor-inner-column elementor-element elementor-element-3c25a87\" data-id=\"3c25a87\" data-element_type=\"column\" data-e-type=\"column\">\n\t\t\t<div class=\"elementor-widget-wrap elementor-element-populated\">\n\t\t\t\t\t\t<div class=\"elementor-element elementor-element-fa1abfa elementor-widget__width-initial elementor-widget-tablet_extra__width-initial elementor-widget elementor-widget-image\" data-id=\"fa1abfa\" data-element_type=\"widget\" data-e-type=\"widget\" data-widget_type=\"image.default\">\n\t\t\t\t<div class=\"elementor-widget-container\">\n\t\t\t\t\t\t\t\t\t\t\t\t\t\t\t<img fetchpriority=\"high\" decoding=\"async\" width=\"579\" height=\"189\" src=\"https:\/\/websitedev.terranoha.com\/wp-content\/uploads\/2026\/02\/menu_contacts.png\" class=\"attachment-large size-large wp-image-16889\" alt=\"\" srcset=\"https:\/\/websitedev.terranoha.com\/wp-content\/uploads\/2026\/02\/menu_contacts.png 579w, https:\/\/websitedev.terranoha.com\/wp-content\/uploads\/2026\/02\/menu_contacts-300x98.png 300w, https:\/\/websitedev.terranoha.com\/wp-content\/uploads\/2026\/02\/menu_contacts-575x189.png 575w\" sizes=\"(max-width: 579px) 100vw, 579px\" \/>\t\t\t\t\t\t\t\t\t\t\t\t\t\t\t<\/div>\n\t\t\t\t<\/div>\n\t\t\t\t<div class=\"elementor-element elementor-element-09fd5bd aiero-heading-decoration-underline elementor-widget elementor-widget-aiero_heading\" data-id=\"09fd5bd\" data-element_type=\"widget\" data-e-type=\"widget\" data-widget_type=\"aiero_heading.default\">\n\t\t\t\t<div class=\"elementor-widget-container\">\n\t\t\t\t\t<div class=\"aiero-heading-widget\"><h4 class=\"aiero-heading\"><span class=\"aiero-heading-content has_gradient_color_text\"><a href=\"https:\/\/websitedev.terranoha.com\/es\/compania\/contact\/\">Contacto<\/a>\n<\/span><\/h4><\/div>\t\t\t\t<\/div>\n\t\t\t\t<\/div>\n\t\t\t\t<div class=\"elementor-element elementor-element-2cd3a7f elementor-widget elementor-widget-text-editor\" data-id=\"2cd3a7f\" data-element_type=\"widget\" data-e-type=\"widget\" data-widget_type=\"text-editor.default\">\n\t\t\t\t<div class=\"elementor-widget-container\">\n\t\t\t\t\t\t\t\t\t<p>Hable con nuestro equipo y descubra c\u00f3mo la IA operativa puede transformar su organizaci\u00f3n.<\/p>\n\t\t\t\t\t\t\t\t<\/div>\n\t\t\t\t<\/div>\n\t\t\t\t<div class=\"elementor-element elementor-element-1ea8607 elementor-view-stacked aiero-icon-decoration-on aiero-icon-alignment-right elementor-absolute elementor-shape-circle elementor-widget elementor-widget-icon\" data-id=\"1ea8607\" data-element_type=\"widget\" data-e-type=\"widget\" data-settings=\"{&quot;_position&quot;:&quot;absolute&quot;}\" data-widget_type=\"icon.default\">\n\t\t\t\t<div class=\"elementor-widget-container\">\n\t\t\t\t\t\t\t<div class=\"elementor-icon-wrapper\">\n\t\t\t<a class=\"elementor-icon elementor-animation-slide-aslant\" href=\"https:\/\/websitedev.terranoha.com\/es\/compania\/contact\/\">\n\t\t\t<i aria-hidden=\"true\" class=\"fontello icon-button-arrow\"><\/i>\t\t\t<\/a>\n\t\t<\/div>\n\t\t\t\t\t\t<\/div>\n\t\t\t\t<\/div>\n\t\t\t\t\t<\/div>\n\t\t<\/div>\n\t\t\t\t\t<\/div>\n\t\t<\/section>\n\t\t\t\t\t<\/div>\n\t\t<\/div>\n\t\t\t\t<div class=\"elementor-column elementor-col-25 elementor-top-column elementor-element elementor-element-be41731\" data-id=\"be41731\" data-element_type=\"column\" data-e-type=\"column\" data-settings=\"{&quot;background_background&quot;:&quot;classic&quot;}\">\n\t\t\t<div class=\"elementor-widget-wrap elementor-element-populated\">\n\t\t\t\t\t\t<div class=\"elementor-element elementor-element-98bef47 aiero-heading-decoration-underline elementor-widget elementor-widget-aiero_heading\" data-id=\"98bef47\" data-element_type=\"widget\" data-e-type=\"widget\" data-widget_type=\"aiero_heading.default\">\n\t\t\t\t<div class=\"elementor-widget-container\">\n\t\t\t\t\t<div class=\"aiero-heading-widget\"><h4 class=\"aiero-heading\"><span class=\"aiero-heading-content has_gradient_color_text\"><a href=\"https:\/\/websitedev.terranoha.com\/es\/compania\/career\/\">Career<\/a>\n<\/span><\/h4><\/div>\t\t\t\t<\/div>\n\t\t\t\t<\/div>\n\t\t\t\t<div class=\"elementor-element elementor-element-ddb8df6 elementor-widget elementor-widget-text-editor\" data-id=\"ddb8df6\" data-element_type=\"widget\" data-e-type=\"widget\" data-widget_type=\"text-editor.default\">\n\t\t\t\t<div class=\"elementor-widget-container\">\n\t\t\t\t\t\t\t\t\t<p>\u00danase a Terranoha y ayude a construir la pr\u00f3xima generaci\u00f3n de IA operativa.<\/p>\n\t\t\t\t\t\t\t\t<\/div>\n\t\t\t\t<\/div>\n\t\t\t\t<div class=\"elementor-element elementor-element-59f67e1 elementor-view-stacked aiero-icon-decoration-on aiero-icon-alignment-right elementor-absolute elementor-shape-circle elementor-widget elementor-widget-icon\" data-id=\"59f67e1\" data-element_type=\"widget\" data-e-type=\"widget\" data-settings=\"{&quot;_position&quot;:&quot;absolute&quot;}\" data-widget_type=\"icon.default\">\n\t\t\t\t<div class=\"elementor-widget-container\">\n\t\t\t\t\t\t\t<div class=\"elementor-icon-wrapper\">\n\t\t\t<a class=\"elementor-icon elementor-animation-slide-aslant\" href=\"https:\/\/websitedev.terranoha.com\/es\/compania\/career\/\">\n\t\t\t<i aria-hidden=\"true\" class=\"fontello icon-button-arrow\"><\/i>\t\t\t<\/a>\n\t\t<\/div>\n\t\t\t\t\t\t<\/div>\n\t\t\t\t<\/div>\n\t\t\t\t\t<\/div>\n\t\t<\/div>\n\t\t\t\t\t<\/div>\n\t\t<\/section>\n\t\t\t\t<section class=\"elementor-section elementor-top-section elementor-element elementor-element-37d1e99 elementor-section-full_width elementor-section-stretched elementor-section-height-default elementor-section-height-default\" data-id=\"37d1e99\" data-element_type=\"section\" data-e-type=\"section\" data-settings=\"{&quot;stretch_section&quot;:&quot;section-stretched&quot;}\">\n\t\t\t\t\t\t<div class=\"elementor-container elementor-column-gap-no\">\n\t\t\t\t\t<div class=\"elementor-column elementor-col-100 elementor-top-column elementor-element elementor-element-d36731e\" data-id=\"d36731e\" data-element_type=\"column\" data-e-type=\"column\">\n\t\t\t<div class=\"elementor-widget-wrap elementor-element-populated\">\n\t\t\t\t\t\t<div class=\"elementor-element elementor-element-0ce1891 elementor-absolute elementor-widget elementor-widget-image\" data-id=\"0ce1891\" data-element_type=\"widget\" data-e-type=\"widget\" data-settings=\"{&quot;_position&quot;:&quot;absolute&quot;}\" data-widget_type=\"image.default\">\n\t\t\t\t<div class=\"elementor-widget-container\">\n\t\t\t\t\t\t\t\t\t\t\t\t\t\t\t<img decoding=\"async\" width=\"1551\" height=\"1376\" src=\"https:\/\/websitedev.terranoha.com\/wp-content\/uploads\/2025\/02\/Ellipse-154.svg\" class=\"attachment-full size-full wp-image-16884\" alt=\"\" \/>\t\t\t\t\t\t\t\t\t\t\t\t\t\t\t<\/div>\n\t\t\t\t<\/div>\n\t\t\t\t\t<\/div>\n\t\t<\/div>\n\t\t\t\t\t<\/div>\n\t\t<\/section>\n\t\t\t\t<section class=\"elementor-section elementor-top-section elementor-element elementor-element-0f12b70 elementor-section-stretched elementor-section-full_width elementor-hidden-widescreen elementor-hidden-desktop elementor-hidden-laptop elementor-hidden-tablet_extra elementor-hidden-tablet elementor-hidden-mobile_extra elementor-hidden-mobile elementor-section-height-default elementor-section-height-default\" data-id=\"0f12b70\" data-element_type=\"section\" data-e-type=\"section\" data-settings=\"{&quot;stretch_section&quot;:&quot;section-stretched&quot;}\">\n\t\t\t\t\t\t\t<div class=\"elementor-background-overlay\"><\/div>\n\t\t\t\t\t\t\t<div class=\"elementor-container elementor-column-gap-no\">\n\t\t\t\t\t<div class=\"elementor-column elementor-col-100 elementor-top-column elementor-element elementor-element-b507642\" data-id=\"b507642\" data-element_type=\"column\" data-e-type=\"column\">\n\t\t\t<div class=\"elementor-widget-wrap elementor-element-populated\">\n\t\t\t\t\t\t<div class=\"elementor-element elementor-element-2bf8b52 elementor-absolute elementor-widget elementor-widget-image\" data-id=\"2bf8b52\" data-element_type=\"widget\" data-e-type=\"widget\" data-settings=\"{&quot;_position&quot;:&quot;absolute&quot;}\" data-widget_type=\"image.default\">\n\t\t\t\t<div class=\"elementor-widget-container\">\n\t\t\t\t\t\t\t\t\t\t\t\t\t\t\t<img decoding=\"async\" width=\"1920\" height=\"1376\" src=\"https:\/\/websitedev.terranoha.com\/wp-content\/uploads\/2025\/02\/section-bg.svg\" class=\"attachment-full size-full wp-image-17358\" alt=\"\" \/>\t\t\t\t\t\t\t\t\t\t\t\t\t\t\t<\/div>\n\t\t\t\t<\/div>\n\t\t\t\t\t<\/div>\n\t\t<\/div>\n\t\t\t\t\t<\/div>\n\t\t<\/section>\n\t\t\t\t<\/div>\n\t\t","protected":false},"excerpt":{"rendered":"<p>Terranoha desarrolla IA operativa que act\u00faa de forma segura dentro de los sistemas empresariales, permitiendo una ejecuci\u00f3n gobernada a gran escala. Siga las \u00faltimas novedades de Terranoha, actualizaciones de producto e insights sobre IA gobernada y automatizaci\u00f3n operativa. Hable con nuestro&#8230;<\/p>\n","protected":false},"author":1,"featured_media":0,"parent":0,"menu_order":5,"comment_status":"closed","ping_status":"closed","template":"","meta":{"footnotes":""},"class_list":["post-16881","page","type-page","status-publish","hentry"],"yoast_head":"<!-- This site is optimized with the Yoast SEO plugin v27.3 - https:\/\/yoast.com\/product\/yoast-seo-wordpress\/ -->\n<title>Compa\u00f1\u00eda - Terranoha<\/title>\n<meta name=\"robots\" content=\"noindex, follow, max-snippet:-1, max-image-preview:large, max-video-preview:-1\" \/>\n<meta property=\"og:locale\" content=\"es_ES\" \/>\n<meta property=\"og:type\" content=\"article\" \/>\n<meta property=\"og:title\" content=\"Compa\u00f1\u00eda - Terranoha\" \/>\n<meta property=\"og:description\" content=\"Terranoha desarrolla IA operativa que act\u00faa de forma segura dentro de los sistemas empresariales, permitiendo una ejecuci\u00f3n gobernada a gran escala. Siga las \u00faltimas novedades de Terranoha, actualizaciones de producto e insights sobre IA gobernada y automatizaci\u00f3n operativa. Hable con nuestro...\" \/>\n<meta property=\"og:url\" content=\"https:\/\/websitedev.terranoha.com\/es\/compania\/\" \/>\n<meta property=\"og:site_name\" content=\"Terranoha\" \/>\n<meta property=\"article:modified_time\" content=\"2026-03-31T10:01:05+00:00\" \/>\n<meta property=\"og:image\" content=\"https:\/\/websitedev.terranoha.com\/wp-content\/uploads\/2026\/02\/menu_contacts.png\" \/>\n<meta name=\"twitter:card\" content=\"summary_large_image\" \/>\n<meta name=\"twitter:label1\" content=\"Tiempo de lectura\" \/>\n\t<meta name=\"twitter:data1\" content=\"1 minuto\" \/>\n<script type=\"application\/ld+json\" class=\"yoast-schema-graph\">{\"@context\":\"https:\\\/\\\/schema.org\",\"@graph\":[{\"@type\":\"WebPage\",\"@id\":\"https:\\\/\\\/websitedev.terranoha.com\\\/es\\\/compania\\\/\",\"url\":\"https:\\\/\\\/websitedev.terranoha.com\\\/es\\\/compania\\\/\",\"name\":\"Compa\u00f1\u00eda - Terranoha\",\"isPartOf\":{\"@id\":\"https:\\\/\\\/websitedev.terranoha.com\\\/es\\\/#website\"},\"primaryImageOfPage\":{\"@id\":\"https:\\\/\\\/websitedev.terranoha.com\\\/es\\\/compania\\\/#primaryimage\"},\"image\":{\"@id\":\"https:\\\/\\\/websitedev.terranoha.com\\\/es\\\/compania\\\/#primaryimage\"},\"thumbnailUrl\":\"https:\\\/\\\/websitedev.terranoha.com\\\/wp-content\\\/uploads\\\/2026\\\/02\\\/menu_contacts.png\",\"datePublished\":\"2026-02-17T13:23:10+00:00\",\"dateModified\":\"2026-03-31T10:01:05+00:00\",\"breadcrumb\":{\"@id\":\"https:\\\/\\\/websitedev.terranoha.com\\\/es\\\/compania\\\/#breadcrumb\"},\"inLanguage\":\"es\",\"potentialAction\":[{\"@type\":\"ReadAction\",\"target\":[\"https:\\\/\\\/websitedev.terranoha.com\\\/es\\\/compania\\\/\"]}]},{\"@type\":\"ImageObject\",\"inLanguage\":\"es\",\"@id\":\"https:\\\/\\\/websitedev.terranoha.com\\\/es\\\/compania\\\/#primaryimage\",\"url\":\"https:\\\/\\\/websitedev.terranoha.com\\\/wp-content\\\/uploads\\\/2026\\\/02\\\/menu_contacts.png\",\"contentUrl\":\"https:\\\/\\\/websitedev.terranoha.com\\\/wp-content\\\/uploads\\\/2026\\\/02\\\/menu_contacts.png\"},{\"@type\":\"BreadcrumbList\",\"@id\":\"https:\\\/\\\/websitedev.terranoha.com\\\/es\\\/compania\\\/#breadcrumb\",\"itemListElement\":[{\"@type\":\"ListItem\",\"position\":1,\"name\":\"Home\",\"item\":\"https:\\\/\\\/websitedev.terranoha.com\\\/es\\\/\"},{\"@type\":\"ListItem\",\"position\":2,\"name\":\"Compa\u00f1\u00eda\"}]},{\"@type\":\"WebSite\",\"@id\":\"https:\\\/\\\/websitedev.terranoha.com\\\/es\\\/#website\",\"url\":\"https:\\\/\\\/websitedev.terranoha.com\\\/es\\\/\",\"name\":\"Terranoha\",\"description\":\"The Smartest Automation.\",\"potentialAction\":[{\"@type\":\"SearchAction\",\"target\":{\"@type\":\"EntryPoint\",\"urlTemplate\":\"https:\\\/\\\/websitedev.terranoha.com\\\/es\\\/?s={search_term_string}\"},\"query-input\":{\"@type\":\"PropertyValueSpecification\",\"valueRequired\":true,\"valueName\":\"search_term_string\"}}],\"inLanguage\":\"es\"}]}<\/script>\n<!-- \/ Yoast SEO plugin. -->","yoast_head_json":{"title":"Compa\u00f1\u00eda - Terranoha","robots":{"index":"noindex","follow":"follow","max-snippet":"max-snippet:-1","max-image-preview":"max-image-preview:large","max-video-preview":"max-video-preview:-1"},"og_locale":"es_ES","og_type":"article","og_title":"Compa\u00f1\u00eda - Terranoha","og_description":"Terranoha desarrolla IA operativa que act\u00faa de forma segura dentro de los sistemas empresariales, permitiendo una ejecuci\u00f3n gobernada a gran escala. Siga las \u00faltimas novedades de Terranoha, actualizaciones de producto e insights sobre IA gobernada y automatizaci\u00f3n operativa. Hable con nuestro...","og_url":"https:\/\/websitedev.terranoha.com\/es\/compania\/","og_site_name":"Terranoha","article_modified_time":"2026-03-31T10:01:05+00:00","og_image":[{"url":"https:\/\/websitedev.terranoha.com\/wp-content\/uploads\/2026\/02\/menu_contacts.png","type":"","width":"","height":""}],"twitter_card":"summary_large_image","twitter_misc":{"Tiempo de lectura":"1 minuto"},"schema":{"@context":"https:\/\/schema.org","@graph":[{"@type":"WebPage","@id":"https:\/\/websitedev.terranoha.com\/es\/compania\/","url":"https:\/\/websitedev.terranoha.com\/es\/compania\/","name":"Compa\u00f1\u00eda - Terranoha","isPartOf":{"@id":"https:\/\/websitedev.terranoha.com\/es\/#website"},"primaryImageOfPage":{"@id":"https:\/\/websitedev.terranoha.com\/es\/compania\/#primaryimage"},"image":{"@id":"https:\/\/websitedev.terranoha.com\/es\/compania\/#primaryimage"},"thumbnailUrl":"https:\/\/websitedev.terranoha.com\/wp-content\/uploads\/2026\/02\/menu_contacts.png","datePublished":"2026-02-17T13:23:10+00:00","dateModified":"2026-03-31T10:01:05+00:00","breadcrumb":{"@id":"https:\/\/websitedev.terranoha.com\/es\/compania\/#breadcrumb"},"inLanguage":"es","potentialAction":[{"@type":"ReadAction","target":["https:\/\/websitedev.terranoha.com\/es\/compania\/"]}]},{"@type":"ImageObject","inLanguage":"es","@id":"https:\/\/websitedev.terranoha.com\/es\/compania\/#primaryimage","url":"https:\/\/websitedev.terranoha.com\/wp-content\/uploads\/2026\/02\/menu_contacts.png","contentUrl":"https:\/\/websitedev.terranoha.com\/wp-content\/uploads\/2026\/02\/menu_contacts.png"},{"@type":"BreadcrumbList","@id":"https:\/\/websitedev.terranoha.com\/es\/compania\/#breadcrumb","itemListElement":[{"@type":"ListItem","position":1,"name":"Home","item":"https:\/\/websitedev.terranoha.com\/es\/"},{"@type":"ListItem","position":2,"name":"Compa\u00f1\u00eda"}]},{"@type":"WebSite","@id":"https:\/\/websitedev.terranoha.com\/es\/#website","url":"https:\/\/websitedev.terranoha.com\/es\/","name":"Terranoha","description":"The Smartest Automation.","potentialAction":[{"@type":"SearchAction","target":{"@type":"EntryPoint","urlTemplate":"https:\/\/websitedev.terranoha.com\/es\/?s={search_term_string}"},"query-input":{"@type":"PropertyValueSpecification","valueRequired":true,"valueName":"search_term_string"}}],"inLanguage":"es"}]}},"_links":{"self":[{"href":"https:\/\/websitedev.terranoha.com\/es\/wp-json\/wp\/v2\/pages\/16881","targetHints":{"allow":["GET"]}}],"collection":[{"href":"https:\/\/websitedev.terranoha.com\/es\/wp-json\/wp\/v2\/pages"}],"about":[{"href":"https:\/\/websitedev.terranoha.com\/es\/wp-json\/wp\/v2\/types\/page"}],"author":[{"embeddable":true,"href":"https:\/\/websitedev.terranoha.com\/es\/wp-json\/wp\/v2\/users\/1"}],"replies":[{"embeddable":true,"href":"https:\/\/websitedev.terranoha.com\/es\/wp-json\/wp\/v2\/comments?post=16881"}],"version-history":[{"count":9,"href":"https:\/\/websitedev.terranoha.com\/es\/wp-json\/wp\/v2\/pages\/16881\/revisions"}],"predecessor-version":[{"id":17376,"href":"https:\/\/websitedev.terranoha.com\/es\/wp-json\/wp\/v2\/pages\/16881\/revisions\/17376"}],"wp:attachment":[{"href":"https:\/\/websitedev.terranoha.com\/es\/wp-json\/wp\/v2\/media?parent=16881"}],"curies":[{"name":"wp","href":"https:\/\/api.w.org\/{rel}","templated":true}]}}